{"id":2873,"date":"2023-01-27T20:24:58","date_gmt":"2023-01-27T20:24:58","guid":{"rendered":"https:\/\/testing.geekpower.ca\/swg\/about\/"},"modified":"2026-01-21T21:04:54","modified_gmt":"2026-01-21T21:04:54","slug":"a-propos","status":"publish","type":"page","link":"https:\/\/swgins.com\/fr\/a-propos\/","title":{"rendered":"\u00c0 propos"},"content":{"rendered":"<p>[et_pb_section fb_built=\u00a0\u00bb1&Prime; custom_padding_last_edited=\u00a0\u00bbon|phone\u00a0\u00bb admin_label=\u00a0\u00bbHero Area\u00a0\u00bb _builder_version=\u00a0\u00bb4.20.0&Prime; _module_preset=\u00a0\u00bbdefault\u00a0\u00bb custom_padding=\u00a0\u00bb100px|10vw|41px|10vw|false|true\u00a0\u00bb custom_padding_tablet=\u00a0\u00bb100px|10vw|10px|10vw|false|true\u00a0\u00bb custom_padding_phone=\u00a0\u00bb100px|10vw|100px|10vw|true|true\u00a0\u00bb custom_css_main_element=\u00a0\u00bboverflow-x: clip;\u00a0\u00bb global_colors_info=\u00a0\u00bb{}\u00a0\u00bb][et_pb_row admin_label=\u00a0\u00bbPage Title\u00a0\u00bb _builder_version=\u00a0\u00bb4.20.0&Prime; _module_preset=\u00a0\u00bbdefault\u00a0\u00bb width=\u00a0\u00bb100%\u00a0\u00bb max_width=\u00a0\u00bb1920px\u00a0\u00bb module_alignment=\u00a0\u00bbcenter\u00a0\u00bb global_colors_info=\u00a0\u00bb{}\u00a0\u00bb][et_pb_column type=\u00a0\u00bb4_4&Prime; _builder_version=\u00a0\u00bb4.19.5&Prime; _module_preset=\u00a0\u00bbdefault\u00a0\u00bb global_colors_info=\u00a0\u00bb{}\u00a0\u00bb][et_pb_text _builder_version=\u00a0\u00bb4.20.0&Prime; _module_preset=\u00a0\u00bbdefault\u00a0\u00bb header_text_color=\u00a0\u00bb#204694&Prime; header_2_text_color=\u00a0\u00bb#204694&Prime; animation_style=\u00a0\u00bbslide\u00a0\u00bb animation_direction=\u00a0\u00bbtop\u00a0\u00bb animation_duration=\u00a0\u00bb1200ms\u00a0\u00bb animation_intensity_slide=\u00a0\u00bb15%\u00a0\u00bb animation_speed_curve=\u00a0\u00bbease\u00a0\u00bb global_colors_info=\u00a0\u00bb{}\u00a0\u00bb]<\/p>\n<h1><span>\u00c0 propos<\/span><\/h1>\n<p>[\/et_pb_text][\/et_pb_column][\/et_pb_row][et_pb_row admin_label=\u00a0\u00bbDecor\u00a0\u00bb _builder_version=\u00a0\u00bb4.19.5&Prime; _module_preset=\u00a0\u00bbdefault\u00a0\u00bb use_background_color_gradient=\u00a0\u00bbon\u00a0\u00bb background_color_gradient_stops=\u00a0\u00bb#ffffff 0%|rgba(255,255,255,0) 100%\u00a0\u00bb background_color_gradient_overlays_image=\u00a0\u00bbon\u00a0\u00bb background_image=\u00a0\u00bbhttps:\/\/swgins.com\/wp-content\/uploads\/2023\/01\/svg-dots.svg\u00a0\u00bb positioning=\u00a0\u00bbabsolute\u00a0\u00bb position_origin_a=\u00a0\u00bbcenter_left\u00a0\u00bb vertical_offset=\u00a0\u00bb80px\u00a0\u00bb vertical_offset_tablet=\u00a0\u00bb150px\u00a0\u00bb vertical_offset_phone=\u00a0\u00bb150px\u00a0\u00bb vertical_offset_last_edited=\u00a0\u00bbon|tablet\u00a0\u00bb width=\u00a0\u00bb60vw\u00a0\u00bb width_tablet=\u00a0\u00bb80vw\u00a0\u00bb width_phone=\u00a0\u00bb80vw\u00a0\u00bb width_last_edited=\u00a0\u00bbon|tablet\u00a0\u00bb max_width=\u00a0\u00bbnone\u00a0\u00bb height=\u00a0\u00bb400px\u00a0\u00bb height_tablet=\u00a0\u00bb300px\u00a0\u00bb height_phone=\u00a0\u00bb250px\u00a0\u00bb height_last_edited=\u00a0\u00bbon|desktop\u00a0\u00bb locked=\u00a0\u00bboff\u00a0\u00bb global_colors_info=\u00a0\u00bb{}\u00a0\u00bb][et_pb_column type=\u00a0\u00bb4_4&Prime; _builder_version=\u00a0\u00bb4.19.5&Prime; _module_preset=\u00a0\u00bbdefault\u00a0\u00bb global_colors_info=\u00a0\u00bb{}\u00a0\u00bb][\/et_pb_column][\/et_pb_row][\/et_pb_section][et_pb_section fb_built=\u00a0\u00bb1&Prime; custom_padding_last_edited=\u00a0\u00bbon|phone\u00a0\u00bb _builder_version=\u00a0\u00bb4.20.0&Prime; _module_preset=\u00a0\u00bbdefault\u00a0\u00bb background_color=\u00a0\u00bb#FFFFFF\u00a0\u00bb custom_margin=\u00a0\u00bb||60px||false|false\u00a0\u00bb custom_padding=\u00a0\u00bb|10vw|3px|10vw|false|true\u00a0\u00bb custom_padding_tablet=\u00a0\u00bb0px||||false|true\u00a0\u00bb custom_padding_phone=\u00a0\u00bb0px||||false|true\u00a0\u00bb global_colors_info=\u00a0\u00bb{}\u00a0\u00bb][et_pb_row column_structure=\u00a0\u00bb1_2,1_2&Prime; make_equal=\u00a0\u00bbon\u00a0\u00bb admin_label=\u00a0\u00bbList\u00a0\u00bb _builder_version=\u00a0\u00bb4.20.0&Prime; _module_preset=\u00a0\u00bbdefault\u00a0\u00bb width=\u00a0\u00bb100%\u00a0\u00bb max_width=\u00a0\u00bb1920px\u00a0\u00bb module_alignment=\u00a0\u00bbcenter\u00a0\u00bb custom_margin=\u00a0\u00bb||||false|false\u00a0\u00bb custom_padding=\u00a0\u00bb||50px||false|false\u00a0\u00bb locked=\u00a0\u00bboff\u00a0\u00bb global_colors_info=\u00a0\u00bb{}\u00a0\u00bb custom_css_before_last_edited=\u00a0\u00bboff|tablet\u00a0\u00bb][et_pb_column type=\u00a0\u00bb1_2&Prime; _builder_version=\u00a0\u00bb4.19.5&Prime; _module_preset=\u00a0\u00bbdefault\u00a0\u00bb global_colors_info=\u00a0\u00bb{}\u00a0\u00bb custom_css_main_element_last_edited=\u00a0\u00bbon|tablet\u00a0\u00bb custom_css_main_element_tablet=\u00a0\u00bbmargin: 0px !important;||padding-bottom: 5px;\u00a0\u00bb custom_css_main_element_phone=\u00a0\u00bbmargin: 0px !important;||padding-bottom: 5px;\u00a0\u00bb][et_pb_text _builder_version=\u00a0\u00bb4.20.0&Prime; _module_preset=\u00a0\u00bbdefault\u00a0\u00bb background_image=\u00a0\u00bbhttps:\/\/swgins.com\/wp-content\/uploads\/2023\/12\/iStock-1180187740.jpg\u00a0\u00bb height=\u00a0\u00bb100%\u00a0\u00bb height_tablet=\u00a0\u00bb400px\u00a0\u00bb height_phone=\u00a0\u00bb350px\u00a0\u00bb height_last_edited=\u00a0\u00bbon|desktop\u00a0\u00bb custom_margin=\u00a0\u00bb||30px||false|false\u00a0\u00bb border_radii=\u00a0\u00bbon|5px|5px|5px|5px\u00a0\u00bb locked=\u00a0\u00bboff\u00a0\u00bb global_colors_info=\u00a0\u00bb{}\u00a0\u00bb][\/et_pb_text][\/et_pb_column][et_pb_column type=\u00a0\u00bb1_2&Prime; _builder_version=\u00a0\u00bb4.19.5&Prime; _module_preset=\u00a0\u00bbdefault\u00a0\u00bb global_colors_info=\u00a0\u00bb{}\u00a0\u00bb custom_css_main_element_last_edited=\u00a0\u00bbon|tablet\u00a0\u00bb custom_css_main_element_tablet=\u00a0\u00bbmargin: 0px !important;||padding-bottom: 5px;\u00a0\u00bb custom_css_main_element_phone=\u00a0\u00bbmargin: 0px !important;||padding-bottom: 5px;\u00a0\u00bb][et_pb_text _builder_version=\u00a0\u00bb4.20.0&Prime; _module_preset=\u00a0\u00bbdefault\u00a0\u00bb header_2_text_color=\u00a0\u00bb#204694&Prime; custom_margin=\u00a0\u00bb||20px||false|false\u00a0\u00bb animation_style=\u00a0\u00bbslide\u00a0\u00bb animation_direction=\u00a0\u00bbtop\u00a0\u00bb animation_duration=\u00a0\u00bb1300ms\u00a0\u00bb animation_delay=\u00a0\u00bb600ms\u00a0\u00bb animation_intensity_slide=\u00a0\u00bb15%\u00a0\u00bb animation_speed_curve=\u00a0\u00bbease\u00a0\u00bb locked=\u00a0\u00bboff\u00a0\u00bb global_colors_info=\u00a0\u00bb{}\u00a0\u00bb]<\/p>\n<h2>\u00c0 propos de Groupe d&rsquo;assurance South Western<\/h2>\n<p>[\/et_pb_text][et_pb_text _builder_version=\u00a0\u00bb4.20.0&Prime; _module_preset=\u00a0\u00bbdefault\u00a0\u00bb text_text_color=\u00a0\u00bb#636772&Prime; animation_style=\u00a0\u00bbslide\u00a0\u00bb animation_direction=\u00a0\u00bbtop\u00a0\u00bb animation_duration=\u00a0\u00bb1300ms\u00a0\u00bb animation_delay=\u00a0\u00bb600ms\u00a0\u00bb animation_intensity_slide=\u00a0\u00bb15%\u00a0\u00bb animation_speed_curve=\u00a0\u00bbease\u00a0\u00bb locked=\u00a0\u00bboff\u00a0\u00bb global_colors_info=\u00a0\u00bb{}\u00a0\u00bb]<\/p>\n<p>Groupe d&rsquo;assurance South Western est un agent g\u00e9n\u00e9ral gestionnaire (AGG) de premier plan qui offre une gamme diversifi\u00e9e de solutions d&rsquo;assurance pour les entreprises sp\u00e9cialis\u00e9es, les entreprises de niche, les entreprises de programme et les entreprises difficiles \u00e0 placer. Fiers de notre histoire qui remonte \u00e0 1961, nous fournissons une expertise exceptionnelle en mati\u00e8re de souscription aux courtiers d&rsquo;assurance ind\u00e9pendants \u00e0 travers le Canada.<\/p>\n<p>Chez SWG, nous avons acquis une solide r\u00e9putation d&rsquo;excellence en mati\u00e8re de souscription, de gestion des risques et de service \u00e0 la client\u00e8le. Nous perfectionnons continuellement nos pratiques commerciales, en visant toujours le niveau de service le plus \u00e9lev\u00e9 que vous associez \u00e0 notre entreprise. Gr\u00e2ce \u00e0 l&rsquo;utilisation de syst\u00e8mes de livraison \u00e9lectronique et de gestion des dossiers sans papier, nous avons consid\u00e9rablement r\u00e9duit les d\u00e9lais de livraison des documents, ce qui nous permet de r\u00e9pondre rapidement aux exigences des courtiers. Cela permet aux courtiers de servir leurs clients plus efficacement et d&rsquo;\u00e9largir leurs opportunit\u00e9s commerciales.<\/p>\n<p>Les activit\u00e9s de SWG sont soutenues par une assurance compl\u00e8te contre les erreurs et omissions et une assurance contre les d\u00e9tournements. Nous nous engageons exclusivement avec des march\u00e9s stables et bien \u00e9tablis qui sont agr\u00e9\u00e9s au Canada, englobant \u00e0 la fois des options nationales et \u00e9trang\u00e8res, telles que Lloyd&rsquo;s de Londres.<\/p>\n<p>Il est important de noter que SWG ne fonctionne pas comme un assureur direct. Nos produits d&rsquo;assurance peuvent \u00eatre obtenus en consultant un courtier d&rsquo;assurance agr\u00e9\u00e9.<\/p>\n<p>Depuis notre cr\u00e9ation en 1961, nous sommes fiers d&rsquo;offrir une expertise in\u00e9gal\u00e9e en mati\u00e8re de souscription aux courtiers d&rsquo;assurance ind\u00e9pendants \u00e0 travers le Canada.<\/p>\n<p>[\/et_pb_text][\/et_pb_column][\/et_pb_row][et_pb_row column_structure=\u00a0\u00bb1_2,1_2&Prime; _builder_version=\u00a0\u00bb4.20.0&Prime; _module_preset=\u00a0\u00bbdefault\u00a0\u00bb width=\u00a0\u00bb100%\u00a0\u00bb max_width=\u00a0\u00bb1920px\u00a0\u00bb module_alignment=\u00a0\u00bbcenter\u00a0\u00bb custom_padding=\u00a0\u00bb||50px||false|false\u00a0\u00bb global_colors_info=\u00a0\u00bb{}\u00a0\u00bb][et_pb_column type=\u00a0\u00bb1_2&Prime; _builder_version=\u00a0\u00bb4.20.0&Prime; _module_preset=\u00a0\u00bbdefault\u00a0\u00bb global_colors_info=\u00a0\u00bb{}\u00a0\u00bb][et_pb_text _builder_version=\u00a0\u00bb4.20.0&Prime; _module_preset=\u00a0\u00bbdefault\u00a0\u00bb header_2_text_color=\u00a0\u00bb#204694&Prime; width=\u00a0\u00bb110%\u00a0\u00bb custom_margin=\u00a0\u00bb||20px||false|false\u00a0\u00bb animation_style=\u00a0\u00bbslide\u00a0\u00bb animation_direction=\u00a0\u00bbtop\u00a0\u00bb animation_duration=\u00a0\u00bb1300ms\u00a0\u00bb animation_delay=\u00a0\u00bb600ms\u00a0\u00bb animation_intensity_slide=\u00a0\u00bb15%\u00a0\u00bb animation_speed_curve=\u00a0\u00bbease\u00a0\u00bb global_colors_info=\u00a0\u00bb{}\u00a0\u00bb]<\/p>\n<h2>Placement d&rsquo;affaires aupr\u00e8s d&rsquo;interm\u00e9diaires<\/h2>\n<p>[\/et_pb_text][et_pb_text _builder_version=\u00a0\u00bb4.20.0&Prime; _module_preset=\u00a0\u00bbdefault\u00a0\u00bb text_text_color=\u00a0\u00bb#636772&Prime; animation_style=\u00a0\u00bbslide\u00a0\u00bb animation_direction=\u00a0\u00bbtop\u00a0\u00bb animation_duration=\u00a0\u00bb1300ms\u00a0\u00bb animation_delay=\u00a0\u00bb600ms\u00a0\u00bb animation_intensity_slide=\u00a0\u00bb15%\u00a0\u00bb animation_speed_curve=\u00a0\u00bbease\u00a0\u00bb global_colors_info=\u00a0\u00bb{}\u00a0\u00bb]<\/p>\n<p>Les interm\u00e9diaires, souvent sous la forme d&rsquo;agences g\u00e9n\u00e9rales de gestion (AGG), de gestionnaires de souscription ou de grossistes, fournissent un large \u00e9ventail de produits et de march\u00e9s aux courtiers et agents d&rsquo;assurance.<\/p>\n<p>Les courtiers sont confront\u00e9s \u00e0 de nombreux probl\u00e8mes lorsque les interm\u00e9diaires utilisent des march\u00e9s non agr\u00e9\u00e9s ou extraterritoriaux pour souscrire des affaires qui pourraient \u00eatre plac\u00e9es sur le march\u00e9 national habituel.<\/p>\n<p>Lorsque l&rsquo;on travaille avec un interm\u00e9diaire, il est de la plus haute importance de :<\/p>\n<p>[\/et_pb_text][\/et_pb_column][et_pb_column type=\u00a0\u00bb1_2&Prime; _builder_version=\u00a0\u00bb4.20.0&Prime; _module_preset=\u00a0\u00bbdefault\u00a0\u00bb global_colors_info=\u00a0\u00bb{}\u00a0\u00bb][et_pb_text _builder_version=\u00a0\u00bb4.20.0&Prime; _module_preset=\u00a0\u00bbdefault\u00a0\u00bb text_text_color=\u00a0\u00bb#636772&Prime; animation_style=\u00a0\u00bbslide\u00a0\u00bb animation_direction=\u00a0\u00bbtop\u00a0\u00bb animation_duration=\u00a0\u00bb1300ms\u00a0\u00bb animation_delay=\u00a0\u00bb600ms\u00a0\u00bb animation_intensity_slide=\u00a0\u00bb15%\u00a0\u00bb animation_speed_curve=\u00a0\u00bbease\u00a0\u00bb locked=\u00a0\u00bboff\u00a0\u00bb global_colors_info=\u00a0\u00bb{}\u00a0\u00bb]<\/p>\n<p>1. Veiller \u00e0 ce que l&rsquo;interm\u00e9diaire souscrive une assurance contre les erreurs et omissions et une assurance contre les d\u00e9tournements aupr\u00e8s d&rsquo;un assureur canadien reconnu et agr\u00e9\u00e9, offrant des limites de couverture substantielles.<\/p>\n<p>2. V\u00e9rifier les march\u00e9s repr\u00e9sent\u00e9s par l&rsquo;interm\u00e9diaire. Notre liste de march\u00e9s est disponible sur notre site web. Les assureurs canadiens r\u00e9put\u00e9s, bien connus et autoris\u00e9s d\u00e9montrent la cr\u00e9dibilit\u00e9 et la solidit\u00e9 de l&rsquo;interm\u00e9diaire.<\/p>\n<p>3. Faire preuve de prudence lorsqu&rsquo;un interm\u00e9diaire fait appel \u00e0 des march\u00e9s non admis ou non agr\u00e9\u00e9s, en particulier pour les affaires g\u00e9n\u00e9rales. Votre assurance erreurs et omissions peut ne pas vous prot\u00e9ger si vous utilisez un march\u00e9 non autoris\u00e9.<\/p>\n<p>4. Insister sur le fait de n&rsquo;utiliser que des march\u00e9s agr\u00e9\u00e9s pour vos affaires.<\/p>\n<p>Depuis plus de 60 ans qu&rsquo;il travaille dans le secteur de l&rsquo;assurance, le Groupe d&rsquo;assurance South Western n&rsquo;a jamais eu recours \u00e0 un march\u00e9 non agr\u00e9\u00e9. Nous sommes fiers de fournir au public assur\u00e9, par l&rsquo;interm\u00e9diaire de nos courtiers, l&rsquo;assurance d&rsquo;une protection soutenue par des assureurs solides, stables et agr\u00e9\u00e9s.<\/p>\n<p>Le Groupe d&rsquo;assurance South Western maintient des limites substantielles en mati\u00e8re d&rsquo;erreurs et d&rsquo;omissions, ainsi qu&rsquo;une couverture en mati\u00e8re de cautionnement pour tous les membres du personnel.<\/p>\n<p>[\/et_pb_text][\/et_pb_column][\/et_pb_row][et_pb_row column_structure=\u00a0\u00bb1_2,1_2&Prime; make_equal=\u00a0\u00bbon\u00a0\u00bb admin_label=\u00a0\u00bbList\u00a0\u00bb _builder_version=\u00a0\u00bb4.20.0&Prime; _module_preset=\u00a0\u00bbdefault\u00a0\u00bb width=\u00a0\u00bb100%\u00a0\u00bb max_width=\u00a0\u00bb1920px\u00a0\u00bb module_alignment=\u00a0\u00bbcenter\u00a0\u00bb custom_margin=\u00a0\u00bb||||false|false\u00a0\u00bb custom_padding=\u00a0\u00bb||30px||false|false\u00a0\u00bb locked=\u00a0\u00bboff\u00a0\u00bb global_colors_info=\u00a0\u00bb{}\u00a0\u00bb custom_css_before_last_edited=\u00a0\u00bboff|tablet\u00a0\u00bb][et_pb_column type=\u00a0\u00bb1_2&Prime; _builder_version=\u00a0\u00bb4.19.5&Prime; _module_preset=\u00a0\u00bbdefault\u00a0\u00bb global_colors_info=\u00a0\u00bb{}\u00a0\u00bb custom_css_main_element_last_edited=\u00a0\u00bbon|tablet\u00a0\u00bb custom_css_main_element_tablet=\u00a0\u00bbmargin: 0px !important;||padding-bottom: 5px;\u00a0\u00bb custom_css_main_element_phone=\u00a0\u00bbmargin: 0px !important;||padding-bottom: 5px;\u00a0\u00bb][et_pb_text _builder_version=\u00a0\u00bb4.20.0&Prime; _module_preset=\u00a0\u00bbdefault\u00a0\u00bb background_image=\u00a0\u00bbhttps:\/\/swgins.com\/wp-content\/uploads\/2023\/12\/iStock-1322913815.jpg\u00a0\u00bb height=\u00a0\u00bb100%\u00a0\u00bb height_tablet=\u00a0\u00bb400px\u00a0\u00bb height_phone=\u00a0\u00bb350px\u00a0\u00bb height_last_edited=\u00a0\u00bbon|desktop\u00a0\u00bb custom_margin=\u00a0\u00bb||30px||false|false\u00a0\u00bb border_radii=\u00a0\u00bbon|5px|5px|5px|5px\u00a0\u00bb locked=\u00a0\u00bboff\u00a0\u00bb global_colors_info=\u00a0\u00bb{}\u00a0\u00bb][\/et_pb_text][\/et_pb_column][et_pb_column type=\u00a0\u00bb1_2&Prime; _builder_version=\u00a0\u00bb4.19.5&Prime; _module_preset=\u00a0\u00bbdefault\u00a0\u00bb global_colors_info=\u00a0\u00bb{}\u00a0\u00bb custom_css_main_element_last_edited=\u00a0\u00bbon|tablet\u00a0\u00bb custom_css_main_element_tablet=\u00a0\u00bbmargin: 0px !important;||padding-bottom: 5px;\u00a0\u00bb custom_css_main_element_phone=\u00a0\u00bbmargin: 0px !important;||padding-bottom: 5px;\u00a0\u00bb][et_pb_text _builder_version=\u00a0\u00bb4.20.0&Prime; _module_preset=\u00a0\u00bbdefault\u00a0\u00bb header_2_text_color=\u00a0\u00bb#204694&Prime; custom_margin=\u00a0\u00bb||20px||false|false\u00a0\u00bb animation_style=\u00a0\u00bbslide\u00a0\u00bb animation_direction=\u00a0\u00bbtop\u00a0\u00bb animation_duration=\u00a0\u00bb1300ms\u00a0\u00bb animation_delay=\u00a0\u00bb600ms\u00a0\u00bb animation_intensity_slide=\u00a0\u00bb15%\u00a0\u00bb animation_speed_curve=\u00a0\u00bbease\u00a0\u00bb locked=\u00a0\u00bboff\u00a0\u00bb global_colors_info=\u00a0\u00bb{}\u00a0\u00bb]<\/p>\n<h2><span>R\u00e9<\/span>sum\u00e9<\/h2>\n<p>[\/et_pb_text][et_pb_text _builder_version=\u00a0\u00bb4.20.0&Prime; _module_preset=\u00a0\u00bbdefault\u00a0\u00bb text_font=\u00a0\u00bbSource Sans Pro|600|||||||\u00a0\u00bb text_text_color=\u00a0\u00bb#204694&Prime; text_line_height=\u00a0\u00bb1em\u00a0\u00bb max_width=\u00a0\u00bb1080px\u00a0\u00bb module_alignment=\u00a0\u00bbcenter\u00a0\u00bb custom_margin=\u00a0\u00bb20px||20px||true|false\u00a0\u00bb animation_style=\u00a0\u00bbslide\u00a0\u00bb animation_direction=\u00a0\u00bbtop\u00a0\u00bb animation_duration=\u00a0\u00bb1300ms\u00a0\u00bb animation_delay=\u00a0\u00bb600ms\u00a0\u00bb animation_intensity_slide=\u00a0\u00bb15%\u00a0\u00bb animation_speed_curve=\u00a0\u00bbease\u00a0\u00bb custom_css_main_element=\u00a0\u00bbfont-size: clamp(1.5rem, 2vw, 1.95rem);\u00a0\u00bb locked=\u00a0\u00bboff\u00a0\u00bb global_colors_info=\u00a0\u00bb{}\u00a0\u00bb]<\/p>\n<p>Comme nous l&rsquo;avons fait par le pass\u00e9, notre mission reste ax\u00e9e sur l&rsquo;expansion et le service au secteur de l&rsquo;assurance \u00e0 l&rsquo;\u00e9chelle nationale.<\/p>\n<p>[\/et_pb_text][et_pb_text _builder_version=\u00a0\u00bb4.20.0&Prime; _module_preset=\u00a0\u00bbdefault\u00a0\u00bb text_text_color=\u00a0\u00bb#636772&Prime; custom_margin=\u00a0\u00bb||20px||false|false\u00a0\u00bb animation_style=\u00a0\u00bbslide\u00a0\u00bb animation_direction=\u00a0\u00bbtop\u00a0\u00bb animation_duration=\u00a0\u00bb1300ms\u00a0\u00bb animation_delay=\u00a0\u00bb600ms\u00a0\u00bb animation_intensity_slide=\u00a0\u00bb15%\u00a0\u00bb animation_speed_curve=\u00a0\u00bbease\u00a0\u00bb locked=\u00a0\u00bboff\u00a0\u00bb global_colors_info=\u00a0\u00bb{}\u00a0\u00bb]<\/p>\n<p>Nos atouts concurrentiels sont les suivants :<\/p>\n<p>[\/et_pb_text][dsm_icon_list icon_color=\u00a0\u00bb#204694&Prime; icon_padding=\u00a0\u00bb7px\u00a0\u00bb icon_font_size=\u00a0\u00bb1.15rem\u00a0\u00bb list_vertical_alignment=\u00a0\u00bbflex-start\u00a0\u00bb list_space_between=\u00a0\u00bb5px\u00a0\u00bb list_padding=\u00a0\u00bb||||false|false\u00a0\u00bb text_indent=\u00a0\u00bb9px\u00a0\u00bb icon_font_size_tablet=\u00a0\u00bb1rem\u00a0\u00bb icon_font_size_phone=\u00a0\u00bb1rem\u00a0\u00bb icon_font_size_last_edited=\u00a0\u00bbon|phone\u00a0\u00bb _builder_version=\u00a0\u00bb4.20.0&Prime; _module_preset=\u00a0\u00bbdefault\u00a0\u00bb text_font=\u00a0\u00bbSource Sans Pro||||||||\u00a0\u00bb text_font_size=\u00a0\u00bb1.25rem\u00a0\u00bb custom_margin=\u00a0\u00bb||29px|||\u00a0\u00bb animation_style=\u00a0\u00bbfade\u00a0\u00bb animation_duration=\u00a0\u00bb1300ms\u00a0\u00bb animation_delay=\u00a0\u00bb600ms\u00a0\u00bb text_font_size_tablet=\u00a0\u00bb1.15rem\u00a0\u00bb text_font_size_phone=\u00a0\u00bb1.15rem\u00a0\u00bb text_font_size_last_edited=\u00a0\u00bbon|desktop\u00a0\u00bb locked=\u00a0\u00bboff\u00a0\u00bb global_colors_info=\u00a0\u00bb{}\u00a0\u00bb][dsm_icon_list_child text=\u00a0\u00bbUne entreprise financi\u00e8rement saine\u00a0\u00bb font_icon=\u00a0\u00bb&#xe052;||divi||400&Prime; _builder_version=\u00a0\u00bb4.20.0&Prime; _module_preset=\u00a0\u00bbdefault\u00a0\u00bb text_text_color=\u00a0\u00bb#636772&Prime; custom_margin=\u00a0\u00bb||||false|false\u00a0\u00bb global_colors_info=\u00a0\u00bb{}\u00a0\u00bb][\/dsm_icon_list_child][dsm_icon_list_child text=\u00a0\u00bbProtection financi\u00e8re de nos courtiers\u00a0\u00bb font_icon=\u00a0\u00bb&#xe052;||divi||400&Prime; _builder_version=\u00a0\u00bb4.20.0&Prime; _module_preset=\u00a0\u00bbdefault\u00a0\u00bb text_text_color=\u00a0\u00bb#636772&Prime; custom_margin=\u00a0\u00bb||||false|false\u00a0\u00bb global_colors_info=\u00a0\u00bb{}\u00a0\u00bb][\/dsm_icon_list_child][dsm_icon_list_child text=\u00a0\u00bbUne gamme de produits diversifi\u00e9e\u00a0\u00bb font_icon=\u00a0\u00bb&#xe052;||divi||400&Prime; _builder_version=\u00a0\u00bb4.20.0&Prime; _module_preset=\u00a0\u00bbdefault\u00a0\u00bb text_text_color=\u00a0\u00bb#636772&Prime; custom_margin=\u00a0\u00bb||||false|false\u00a0\u00bb global_colors_info=\u00a0\u00bb{}\u00a0\u00bb][\/dsm_icon_list_child][dsm_icon_list_child text=\u00a0\u00bbExpertise en mati\u00e8re de produits sp\u00e9cialis\u00e9s\u00a0\u00bb font_icon=\u00a0\u00bb&#xe052;||divi||400&Prime; _builder_version=\u00a0\u00bb4.20.0&Prime; _module_preset=\u00a0\u00bbdefault\u00a0\u00bb text_text_color=\u00a0\u00bb#636772&Prime; custom_margin=\u00a0\u00bb||||false|false\u00a0\u00bb global_colors_info=\u00a0\u00bb{}\u00a0\u00bb][\/dsm_icon_list_child][dsm_icon_list_child text=\u00a0\u00bbConnaissance approfondie des classes cibles de l&rsquo;entreprise\u00a0\u00bb font_icon=\u00a0\u00bb&#xe052;||divi||400&Prime; _builder_version=\u00a0\u00bb4.20.0&Prime; _module_preset=\u00a0\u00bbdefault\u00a0\u00bb text_text_color=\u00a0\u00bb#636772&Prime; custom_margin=\u00a0\u00bb||||false|false\u00a0\u00bb global_colors_info=\u00a0\u00bb{}\u00a0\u00bb][\/dsm_icon_list_child][dsm_icon_list_child text=\u00a0\u00bbFonctionnement uniquement en tant qu&rsquo;interm\u00e9diaire\u00a0\u00bb font_icon=\u00a0\u00bb&#xe052;||divi||400&Prime; _builder_version=\u00a0\u00bb4.20.0&Prime; _module_preset=\u00a0\u00bbdefault\u00a0\u00bb text_text_color=\u00a0\u00bb#636772&Prime; custom_margin=\u00a0\u00bb||||false|false\u00a0\u00bb global_colors_info=\u00a0\u00bb{}\u00a0\u00bb][\/dsm_icon_list_child][\/dsm_icon_list][et_pb_text _builder_version=\u00a0\u00bb4.20.0&Prime; _module_preset=\u00a0\u00bbdefault\u00a0\u00bb text_text_color=\u00a0\u00bb#636772&Prime; animation_style=\u00a0\u00bbslide\u00a0\u00bb animation_direction=\u00a0\u00bbtop\u00a0\u00bb animation_duration=\u00a0\u00bb1300ms\u00a0\u00bb animation_delay=\u00a0\u00bb600ms\u00a0\u00bb animation_intensity_slide=\u00a0\u00bb15%\u00a0\u00bb animation_speed_curve=\u00a0\u00bbease\u00a0\u00bb locked=\u00a0\u00bboff\u00a0\u00bb global_colors_info=\u00a0\u00bb{}\u00a0\u00bb]<\/p>\n<p>Groupe d&rsquo;assurance South Western continuera \u00e0 r\u00e9pondre aux besoins et aux demandes des courtiers et des agents ind\u00e9pendants, tout en r\u00e9pondant aux attentes de notre soci\u00e9t\u00e9 en mati\u00e8re de souscription rentable.<\/p>\n<p>En envisageant l&rsquo;avenir de l&rsquo;agent\/courtier ind\u00e9pendant, SWG croit en la formation d&rsquo;alliances strat\u00e9giques avec des interm\u00e9diaires de haute qualit\u00e9 poss\u00e9dant des bases commerciales solides. Cela permet aux courtiers d&rsquo;avoir un acc\u00e8s rapide aux march\u00e9s et aux produits qui ne sont pas facilement disponibles par l&rsquo;interm\u00e9diaire de leurs soci\u00e9t\u00e9s contractantes.<\/p>\n<p>Gr\u00e2ce \u00e0 nos bureaux strat\u00e9giquement situ\u00e9s et \u00e0 notre gamme compl\u00e8te de produits, nous sommes le premier interm\u00e9diaire, faisant affaire avec plus de 3 000 courtiers \u00e0 travers le Canada.<\/p>\n<p>[\/et_pb_text][\/et_pb_column][\/et_pb_row][\/et_pb_section]<\/p>\n","protected":false},"excerpt":{"rendered":"<p>\u00c0 propos\u00c0 propos de Groupe d&rsquo;assurance South WesternGroupe d&rsquo;assurance South Western est un agent g\u00e9n\u00e9ral gestionnaire (AGG) de premier plan qui offre une gamme diversifi\u00e9e de solutions d&rsquo;assurance pour les entreprises sp\u00e9cialis\u00e9es, les entreprises de niche, les entreprises de programme et les entreprises difficiles \u00e0 placer. Fiers de notre histoire qui remonte \u00e0 1961, nous fournissons une expertise exceptionnelle en mati\u00e8re de souscription aux courtiers d&rsquo;assurance ind\u00e9pendants \u00e0 travers le Canada. Chez SWG, nous avons acquis une solide r\u00e9putation d&rsquo;excellence en mati\u00e8re de souscription, de gestion des risques et de service \u00e0 la client\u00e8le. Nous perfectionnons continuellement nos pratiques commerciales, en visant toujours le niveau de service le plus \u00e9lev\u00e9 que vous associez \u00e0 notre entreprise. Gr\u00e2ce \u00e0 l&rsquo;utilisation de syst\u00e8mes de livraison \u00e9lectronique et de gestion des dossiers sans papier, nous avons consid\u00e9rablement r\u00e9duit les d\u00e9lais de livraison des documents, ce qui nous permet de r\u00e9pondre rapidement aux exigences des courtiers. Cela permet aux courtiers de servir leurs clients plus efficacement et d&rsquo;\u00e9largir leurs opportunit\u00e9s commerciales. Les activit\u00e9s de SWG sont soutenues par une assurance compl\u00e8te contre les erreurs et omissions et une assurance contre les d\u00e9tournements. Nous nous engageons exclusivement avec des march\u00e9s stables et bien \u00e9tablis qui [&hellip;]<\/p>\n","protected":false},"author":1,"featured_media":0,"parent":0,"menu_order":0,"comment_status":"closed","ping_status":"closed","template":"","meta":{"_et_pb_use_builder":"on","_et_pb_old_content":"","_et_gb_content_width":"","om_disable_all_campaigns":false,"_monsterinsights_skip_tracking":false,"_monsterinsights_sitenote_active":false,"_monsterinsights_sitenote_note":"","_monsterinsights_sitenote_category":0,"footnotes":""},"class_list":["post-2873","page","type-page","status-publish","hentry"],"aioseo_notices":[],"_links":{"self":[{"href":"https:\/\/swgins.com\/fr\/wp-json\/wp\/v2\/pages\/2873","targetHints":{"allow":["GET"]}}],"collection":[{"href":"https:\/\/swgins.com\/fr\/wp-json\/wp\/v2\/pages"}],"about":[{"href":"https:\/\/swgins.com\/fr\/wp-json\/wp\/v2\/types\/page"}],"author":[{"embeddable":true,"href":"https:\/\/swgins.com\/fr\/wp-json\/wp\/v2\/users\/1"}],"replies":[{"embeddable":true,"href":"https:\/\/swgins.com\/fr\/wp-json\/wp\/v2\/comments?post=2873"}],"version-history":[{"count":15,"href":"https:\/\/swgins.com\/fr\/wp-json\/wp\/v2\/pages\/2873\/revisions"}],"predecessor-version":[{"id":8014,"href":"https:\/\/swgins.com\/fr\/wp-json\/wp\/v2\/pages\/2873\/revisions\/8014"}],"wp:attachment":[{"href":"https:\/\/swgins.com\/fr\/wp-json\/wp\/v2\/media?parent=2873"}],"curies":[{"name":"wp","href":"https:\/\/api.w.org\/{rel}","templated":true}]}}